{"id":1379,"date":"2020-11-25T19:28:13","date_gmt":"2020-11-25T18:28:13","guid":{"rendered":"https:\/\/eggster.eu\/ueber-uns\/"},"modified":"2024-09-01T18:26:25","modified_gmt":"2024-09-01T16:26:25","slug":"ueber-uns","status":"publish","type":"page","link":"https:\/\/eggster.eu\/de\/ueber-uns\/","title":{"rendered":"\u00dcber uns"},"content":{"rendered":"<p>[et_pb_section fb_built=&#8220;1&#8243; _builder_version=&#8220;4.16&#8243; vertical_offset_tablet=&#8220;0&#8243; horizontal_offset_tablet=&#8220;0&#8243; z_index_tablet=&#8220;0&#8243; box_shadow_horizontal_tablet=&#8220;0px&#8220; box_shadow_vertical_tablet=&#8220;0px&#8220; box_shadow_blur_tablet=&#8220;40px&#8220; box_shadow_spread_tablet=&#8220;0px&#8220; global_colors_info=&#8220;{}&#8220;][et_pb_row _builder_version=&#8220;4.16&#8243; background_size=&#8220;initial&#8220; background_position=&#8220;top_left&#8220; background_repeat=&#8220;repeat&#8220; global_colors_info=&#8220;{}&#8220;][et_pb_column type=&#8220;4_4&#8243; _builder_version=&#8220;4.16&#8243; custom_padding=&#8220;|||&#8220; global_colors_info=&#8220;{}&#8220; custom_padding__hover=&#8220;|||&#8220;][et_pb_text _builder_version=&#8220;4.27.0&#8243; vertical_offset_tablet=&#8220;0&#8243; horizontal_offset_tablet=&#8220;0&#8243; hover_enabled=&#8220;0&#8243; z_index_tablet=&#8220;0&#8243; text_text_shadow_horizontal_length_tablet=&#8220;0px&#8220; text_text_shadow_vertical_length_tablet=&#8220;0px&#8220; text_text_shadow_blur_strength_tablet=&#8220;1px&#8220; link_text_shadow_horizontal_length_tablet=&#8220;0px&#8220; link_text_shadow_vertical_length_tablet=&#8220;0px&#8220; link_text_shadow_blur_strength_tablet=&#8220;1px&#8220; ul_text_shadow_horizontal_length_tablet=&#8220;0px&#8220; ul_text_shadow_vertical_length_tablet=&#8220;0px&#8220; ul_text_shadow_blur_strength_tablet=&#8220;1px&#8220; ol_text_shadow_horizontal_length_tablet=&#8220;0px&#8220; ol_text_shadow_vertical_length_tablet=&#8220;0px&#8220; ol_text_shadow_blur_strength_tablet=&#8220;1px&#8220; quote_text_shadow_horizontal_length_tablet=&#8220;0px&#8220; quote_text_shadow_vertical_length_tablet=&#8220;0px&#8220; quote_text_shadow_blur_strength_tablet=&#8220;1px&#8220; header_text_shadow_horizontal_length_tablet=&#8220;0px&#8220; header_text_shadow_vertical_length_tablet=&#8220;0px&#8220; header_text_shadow_blur_strength_tablet=&#8220;1px&#8220; header_2_text_shadow_horizontal_length_tablet=&#8220;0px&#8220; header_2_text_shadow_vertical_length_tablet=&#8220;0px&#8220; header_2_text_shadow_blur_strength_tablet=&#8220;1px&#8220; header_3_text_shadow_horizontal_length_tablet=&#8220;0px&#8220; header_3_text_shadow_vertical_length_tablet=&#8220;0px&#8220; header_3_text_shadow_blur_strength_tablet=&#8220;1px&#8220; header_4_text_shadow_horizontal_length_tablet=&#8220;0px&#8220; header_4_text_shadow_vertical_length_tablet=&#8220;0px&#8220; header_4_text_shadow_blur_strength_tablet=&#8220;1px&#8220; header_5_text_shadow_horizontal_length_tablet=&#8220;0px&#8220; header_5_text_shadow_vertical_length_tablet=&#8220;0px&#8220; header_5_text_shadow_blur_strength_tablet=&#8220;1px&#8220; header_6_text_shadow_horizontal_length_tablet=&#8220;0px&#8220; header_6_text_shadow_vertical_length_tablet=&#8220;0px&#8220; header_6_text_shadow_blur_strength_tablet=&#8220;1px&#8220; box_shadow_horizontal_tablet=&#8220;0px&#8220; box_shadow_vertical_tablet=&#8220;0px&#8220; box_shadow_blur_tablet=&#8220;40px&#8220; box_shadow_spread_tablet=&#8220;0px&#8220; global_colors_info=&#8220;{}&#8220; sticky_enabled=&#8220;0&#8243;]<\/p>\n<h1 style=\"text-align: center;\">Der Ursprung unseres innovativen Sortiments: <span class=\"color\"> Eine Leidenschaft, die zur L\u00f6sung wurde<\/span><\/h1>\n<p>[\/et_pb_text][\/et_pb_column][\/et_pb_row][et_pb_row _builder_version=&#8220;4.16&#8243; background_size=&#8220;initial&#8220; background_position=&#8220;top_left&#8220; background_repeat=&#8220;repeat&#8220; global_colors_info=&#8220;{}&#8220;][et_pb_column type=&#8220;4_4&#8243; _builder_version=&#8220;4.16&#8243; custom_padding=&#8220;|||&#8220; global_colors_info=&#8220;{}&#8220; custom_padding__hover=&#8220;|||&#8220;][et_pb_text _builder_version=&#8220;4.27.0&#8243; vertical_offset_tablet=&#8220;0&#8243; horizontal_offset_tablet=&#8220;0&#8243; hover_enabled=&#8220;0&#8243; z_index_tablet=&#8220;0&#8243; text_text_shadow_horizontal_length_tablet=&#8220;0px&#8220; text_text_shadow_vertical_length_tablet=&#8220;0px&#8220; text_text_shadow_blur_strength_tablet=&#8220;1px&#8220; link_text_shadow_horizontal_length_tablet=&#8220;0px&#8220; link_text_shadow_vertical_length_tablet=&#8220;0px&#8220; link_text_shadow_blur_strength_tablet=&#8220;1px&#8220; ul_text_shadow_horizontal_length_tablet=&#8220;0px&#8220; ul_text_shadow_vertical_length_tablet=&#8220;0px&#8220; ul_text_shadow_blur_strength_tablet=&#8220;1px&#8220; ol_text_shadow_horizontal_length_tablet=&#8220;0px&#8220; ol_text_shadow_vertical_length_tablet=&#8220;0px&#8220; ol_text_shadow_blur_strength_tablet=&#8220;1px&#8220; quote_text_shadow_horizontal_length_tablet=&#8220;0px&#8220; quote_text_shadow_vertical_length_tablet=&#8220;0px&#8220; quote_text_shadow_blur_strength_tablet=&#8220;1px&#8220; header_text_shadow_horizontal_length_tablet=&#8220;0px&#8220; header_text_shadow_vertical_length_tablet=&#8220;0px&#8220; header_text_shadow_blur_strength_tablet=&#8220;1px&#8220; header_2_text_shadow_horizontal_length_tablet=&#8220;0px&#8220; header_2_text_shadow_vertical_length_tablet=&#8220;0px&#8220; header_2_text_shadow_blur_strength_tablet=&#8220;1px&#8220; header_3_text_shadow_horizontal_length_tablet=&#8220;0px&#8220; header_3_text_shadow_vertical_length_tablet=&#8220;0px&#8220; header_3_text_shadow_blur_strength_tablet=&#8220;1px&#8220; header_4_text_shadow_horizontal_length_tablet=&#8220;0px&#8220; header_4_text_shadow_vertical_length_tablet=&#8220;0px&#8220; header_4_text_shadow_blur_strength_tablet=&#8220;1px&#8220; header_5_text_shadow_horizontal_length_tablet=&#8220;0px&#8220; header_5_text_shadow_vertical_length_tablet=&#8220;0px&#8220; header_5_text_shadow_blur_strength_tablet=&#8220;1px&#8220; header_6_text_shadow_horizontal_length_tablet=&#8220;0px&#8220; header_6_text_shadow_vertical_length_tablet=&#8220;0px&#8220; header_6_text_shadow_blur_strength_tablet=&#8220;1px&#8220; box_shadow_horizontal_tablet=&#8220;0px&#8220; box_shadow_vertical_tablet=&#8220;0px&#8220; box_shadow_blur_tablet=&#8220;40px&#8220; box_shadow_spread_tablet=&#8220;0px&#8220; global_colors_info=&#8220;{}&#8220; sticky_enabled=&#8220;0&#8243;]<\/p>\n<p>Mit \u00fcber 15 Jahren Erfahrung in der Zucht verschiedener Aquarienfischarten wie Ancistrus und Hypancistrus begann unsere Marke mit einem klaren Ziel: Die wiederkehrenden Probleme bei der Zucht von Aquarienfischen zu l\u00f6sen. So entstand der <strong>Eggster-Inkubator<\/strong>, ein Produkt, das entwickelt wurde, um das Verrotten von Eiern durch ein optimiertes Str\u00f6mungssystem zu verhindern. Dieses System sorgt f\u00fcr eine konstante kreisf\u00f6rmige Bewegung des Wassers, wodurch sich die Eier unter idealen Bedingungen entwickeln k\u00f6nnen. Dieser erste Erfolg zeigte uns den Weg: Effektive L\u00f6sungen f\u00fcr Aquarianer anzubieten und gleichzeitig zu innovieren, um deren spezifischen Bed\u00fcrfnisse zu erf\u00fcllen.<\/p>\n<p>Gest\u00e4rkt durch den Enthusiasmus, den der Eggster-Inkubator ausgel\u00f6st hat, erkannten wir schnell, dass es in der Aquarianergemeinschaft einen breiteren Bedarf gab. Aus diesem Grund haben wir ein komplettes Sortiment an Zuchtzubeh\u00f6r entwickelt. Diese Produkte, wie unsere \u00fcberarbeitete Laichhilfe, sorgen f\u00fcr sichere Laichpl\u00e4tze f\u00fcr Diskus- und Skalare, indem sie deren Positionierung im Aquarium optimieren. Auch unsere gewellten Fliesen wurden speziell entwickelt, um jungen Loricariiden sichere Verstecke zu bieten, die ihr Wohlbefinden und Wachstum f\u00f6rdern.<\/p>\n<p>Unser Engagement endet jedoch nicht bei der Entwicklung von Zubeh\u00f6r. Wir haben unser Fachwissen auch auf die Ern\u00e4hrung von Fischen ausgeweitet, indem wir spezielle Futtermittel f\u00fcr jede Entwicklungsphase entwickelt haben. Ob es sich um Starterfutter f\u00fcr junge Fische oder proteinreiche Pellets f\u00fcr ihre t\u00e4gliche Ern\u00e4hrung handelt, jede Rezeptur wurde sorgf\u00e4ltig zusammengestellt, um die Gesundheit und Vitalit\u00e4t von Aquarienarten zu unterst\u00fctzen.<\/p>\n<p>Das Ziel unserer Marke war es schon immer, Aquarianer zu unterst\u00fctzen, indem wir ihnen umfassende und ma\u00dfgeschneiderte L\u00f6sungen anbieten. Durch die Kombination von Innovation, Fachwissen und Leidenschaft haben wir ein Produktsortiment entwickelt, das auf die Herausforderungen der Aquarienzucht eingeht und gleichzeitig die spezifischen Bed\u00fcrfnisse der Arten ber\u00fccksichtigt, die Sie z\u00fcchten. Heute setzen wir weiterhin auf Innovation, indem wir aufmerksam auf das Feedback der Gemeinschaft h\u00f6ren, um Ihnen die besten Bedingungen f\u00fcr die Reproduktion und das Wohl Ihrer Fische zu bieten.<\/p>\n<p>[\/et_pb_text][\/et_pb_column][\/et_pb_row][\/et_pb_section]<\/p>\n","protected":false},"excerpt":{"rendered":"<p>Der Ursprung unseres innovativen Sortiments: Eine Leidenschaft, die zur L\u00f6sung wurdeMit \u00fcber 15 Jahren Erfahrung in der Zucht verschiedener Aquarienfischarten wie Ancistrus und Hypancistrus begann unsere Marke mit einem klaren Ziel: Die wiederkehrenden Probleme bei der Zucht von Aquarienfischen zu l\u00f6sen. So entstand der Eggster-Inkubator, ein Produkt, das entwickelt wurde, um das Verrotten von Eiern [&hellip;]<\/p>\n","protected":false},"author":1,"featured_media":0,"parent":0,"menu_order":0,"comment_status":"closed","ping_status":"closed","template":"","meta":{"_et_pb_use_builder":"on","_et_pb_old_content":"","_et_gb_content_width":"","footnotes":""},"class_list":["post-1379","page","type-page","status-publish","hentry"],"yoast_head":"<!-- This site is optimized with the Yoast SEO plugin v27.4 - https:\/\/yoast.com\/product\/yoast-seo-wordpress\/ -->\n<title>Wie man die Eier vom Hypancistrus oder Buntbarsch zum Schl\u00fcpfen bringt<\/title>\n<meta name=\"description\" content=\"Wie man die Laiche Ihres Hypancistrus, Antennen-Harnischwelses oder auch die Ihrer afrikanischen Buntbarsche dank des Eggster-Inkubators zum Schl\u00fcpfen bringt.\" \/>\n<meta name=\"robots\" content=\"index, follow, max-snippet:-1, max-image-preview:large, max-video-preview:-1\" \/>\n<link rel=\"canonical\" href=\"https:\/\/eggster.eu\/de\/ueber-uns\/\" \/>\n<meta property=\"og:locale\" content=\"de_DE\" \/>\n<meta property=\"og:type\" content=\"article\" \/>\n<meta property=\"og:title\" content=\"Wie man die Eier vom Hypancistrus oder Buntbarsch zum Schl\u00fcpfen bringt\" \/>\n<meta property=\"og:description\" content=\"Wie man die Laiche Ihres Hypancistrus, Antennen-Harnischwelses oder auch die Ihrer afrikanischen Buntbarsche dank des Eggster-Inkubators zum Schl\u00fcpfen bringt.\" \/>\n<meta property=\"og:url\" content=\"https:\/\/eggster.eu\/de\/ueber-uns\/\" \/>\n<meta property=\"og:site_name\" content=\"Eggster. Breeding technology\" \/>\n<meta property=\"article:modified_time\" content=\"2024-09-01T16:26:25+00:00\" \/>\n<meta name=\"twitter:card\" content=\"summary_large_image\" \/>\n<meta name=\"twitter:label1\" content=\"Gesch\u00e4tzte Lesezeit\" \/>\n\t<meta name=\"twitter:data1\" content=\"2\u00a0Minuten\" \/>\n<script type=\"application\/ld+json\" class=\"yoast-schema-graph\">{\"@context\":\"https:\\\/\\\/schema.org\",\"@graph\":[{\"@type\":\"WebPage\",\"@id\":\"https:\\\/\\\/eggster.eu\\\/de\\\/ueber-uns\\\/\",\"url\":\"https:\\\/\\\/eggster.eu\\\/de\\\/ueber-uns\\\/\",\"name\":\"Wie man die Eier vom Hypancistrus oder Buntbarsch zum Schl\u00fcpfen bringt\",\"isPartOf\":{\"@id\":\"https:\\\/\\\/eggster.eu\\\/de\\\/#website\"},\"datePublished\":\"2020-11-25T18:28:13+00:00\",\"dateModified\":\"2024-09-01T16:26:25+00:00\",\"description\":\"Wie man die Laiche Ihres Hypancistrus, Antennen-Harnischwelses oder auch die Ihrer afrikanischen Buntbarsche dank des Eggster-Inkubators zum Schl\u00fcpfen bringt.\",\"inLanguage\":\"de\",\"potentialAction\":[{\"@type\":\"ReadAction\",\"target\":[\"https:\\\/\\\/eggster.eu\\\/de\\\/ueber-uns\\\/\"]}]},{\"@type\":\"WebSite\",\"@id\":\"https:\\\/\\\/eggster.eu\\\/de\\\/#website\",\"url\":\"https:\\\/\\\/eggster.eu\\\/de\\\/\",\"name\":\"Eggster. Breeding technology\",\"description\":\"\",\"potentialAction\":[{\"@type\":\"SearchAction\",\"target\":{\"@type\":\"EntryPoint\",\"urlTemplate\":\"https:\\\/\\\/eggster.eu\\\/de\\\/?s={search_term_string}\"},\"query-input\":{\"@type\":\"PropertyValueSpecification\",\"valueRequired\":true,\"valueName\":\"search_term_string\"}}],\"inLanguage\":\"de\"}]}<\/script>\n<!-- \/ Yoast SEO plugin. -->","yoast_head_json":{"title":"Wie man die Eier vom Hypancistrus oder Buntbarsch zum Schl\u00fcpfen bringt","description":"Wie man die Laiche Ihres Hypancistrus, Antennen-Harnischwelses oder auch die Ihrer afrikanischen Buntbarsche dank des Eggster-Inkubators zum Schl\u00fcpfen bringt.","robots":{"index":"index","follow":"follow","max-snippet":"max-snippet:-1","max-image-preview":"max-image-preview:large","max-video-preview":"max-video-preview:-1"},"canonical":"https:\/\/eggster.eu\/de\/ueber-uns\/","og_locale":"de_DE","og_type":"article","og_title":"Wie man die Eier vom Hypancistrus oder Buntbarsch zum Schl\u00fcpfen bringt","og_description":"Wie man die Laiche Ihres Hypancistrus, Antennen-Harnischwelses oder auch die Ihrer afrikanischen Buntbarsche dank des Eggster-Inkubators zum Schl\u00fcpfen bringt.","og_url":"https:\/\/eggster.eu\/de\/ueber-uns\/","og_site_name":"Eggster. Breeding technology","article_modified_time":"2024-09-01T16:26:25+00:00","twitter_card":"summary_large_image","twitter_misc":{"Gesch\u00e4tzte Lesezeit":"2\u00a0Minuten"},"schema":{"@context":"https:\/\/schema.org","@graph":[{"@type":"WebPage","@id":"https:\/\/eggster.eu\/de\/ueber-uns\/","url":"https:\/\/eggster.eu\/de\/ueber-uns\/","name":"Wie man die Eier vom Hypancistrus oder Buntbarsch zum Schl\u00fcpfen bringt","isPartOf":{"@id":"https:\/\/eggster.eu\/de\/#website"},"datePublished":"2020-11-25T18:28:13+00:00","dateModified":"2024-09-01T16:26:25+00:00","description":"Wie man die Laiche Ihres Hypancistrus, Antennen-Harnischwelses oder auch die Ihrer afrikanischen Buntbarsche dank des Eggster-Inkubators zum Schl\u00fcpfen bringt.","inLanguage":"de","potentialAction":[{"@type":"ReadAction","target":["https:\/\/eggster.eu\/de\/ueber-uns\/"]}]},{"@type":"WebSite","@id":"https:\/\/eggster.eu\/de\/#website","url":"https:\/\/eggster.eu\/de\/","name":"Eggster. Breeding technology","description":"","potentialAction":[{"@type":"SearchAction","target":{"@type":"EntryPoint","urlTemplate":"https:\/\/eggster.eu\/de\/?s={search_term_string}"},"query-input":{"@type":"PropertyValueSpecification","valueRequired":true,"valueName":"search_term_string"}}],"inLanguage":"de"}]}},"_links":{"self":[{"href":"https:\/\/eggster.eu\/de\/wp-json\/wp\/v2\/pages\/1379","targetHints":{"allow":["GET"]}}],"collection":[{"href":"https:\/\/eggster.eu\/de\/wp-json\/wp\/v2\/pages"}],"about":[{"href":"https:\/\/eggster.eu\/de\/wp-json\/wp\/v2\/types\/page"}],"author":[{"embeddable":true,"href":"https:\/\/eggster.eu\/de\/wp-json\/wp\/v2\/users\/1"}],"replies":[{"embeddable":true,"href":"https:\/\/eggster.eu\/de\/wp-json\/wp\/v2\/comments?post=1379"}],"version-history":[{"count":1,"href":"https:\/\/eggster.eu\/de\/wp-json\/wp\/v2\/pages\/1379\/revisions"}],"predecessor-version":[{"id":7777,"href":"https:\/\/eggster.eu\/de\/wp-json\/wp\/v2\/pages\/1379\/revisions\/7777"}],"wp:attachment":[{"href":"https:\/\/eggster.eu\/de\/wp-json\/wp\/v2\/media?parent=1379"}],"curies":[{"name":"wp","href":"https:\/\/api.w.org\/{rel}","templated":true}]}}