{"id":4539,"date":"2022-04-01T19:19:05","date_gmt":"2022-04-01T17:19:05","guid":{"rendered":"https:\/\/eggster.eu\/bodengrundtabletten-fuer-welse\/"},"modified":"2023-02-21T09:32:24","modified_gmt":"2023-02-21T08:32:24","slug":"bodengrundtabletten-fuer-welse","status":"publish","type":"page","link":"https:\/\/eggster.eu\/de\/bodengrundtabletten-fuer-welse\/","title":{"rendered":"Bodengrundtabletten f\u00fcr Welse"},"content":{"rendered":"<p>[et_pb_section fb_built=&#8220;1&#8243; _builder_version=&#8220;4.16&#8243; background_image=&#8220;https:\/\/eggster.eu\/wp-content\/uploads\/2020\/04\/background-form.svg&#8220; background_size=&#8220;contain&#8220; background_position=&#8220;center_right&#8220; background_video_width=&#8220;1280&#8243; background_video_height=&#8220;720&#8243; background_video_pause_outside_viewport=&#8220;off&#8220; vertical_offset_tablet=&#8220;0&#8243; horizontal_offset_tablet=&#8220;0&#8243; height=&#8220;100vh&#8220; z_index_tablet=&#8220;0&#8243; box_shadow_horizontal_tablet=&#8220;0px&#8220; box_shadow_vertical_tablet=&#8220;0px&#8220; box_shadow_blur_tablet=&#8220;40px&#8220; box_shadow_spread_tablet=&#8220;0px&#8220; global_colors_info=&#8220;{}&#8220;][et_pb_row column_structure=&#8220;1_2,1_2&#8243; _builder_version=&#8220;4.16&#8243; background_size=&#8220;initial&#8220; background_position=&#8220;top_left&#8220; background_repeat=&#8220;repeat&#8220; vertical_offset_tablet=&#8220;0&#8243; horizontal_offset_tablet=&#8220;0&#8243; animation_direction=&#8220;right&#8220; z_index_tablet=&#8220;0&#8243; box_shadow_horizontal_tablet=&#8220;0px&#8220; box_shadow_vertical_tablet=&#8220;0px&#8220; box_shadow_blur_tablet=&#8220;40px&#8220; box_shadow_spread_tablet=&#8220;0px&#8220; global_colors_info=&#8220;{}&#8220;][et_pb_column type=&#8220;1_2&#8243; _builder_version=&#8220;4.16&#8243; vertical_offset_tablet=&#8220;0&#8243; vertical_offset_phone=&#8220;0&#8243; horizontal_offset_tablet=&#8220;0&#8243; horizontal_offset_phone=&#8220;0&#8243; custom_padding=&#8220;|||&#8220; custom_padding_tablet=&#8220;|||&#8220; custom_padding_phone=&#8220;|||&#8220; animation_direction=&#8220;left&#8220; background_color_gradient_direction_tablet=&#8220;180deg&#8220; background_color_gradient_direction_phone=&#8220;180deg&#8220; background_color_gradient_stops_tablet=&#8220;#2b87da 0%|#29c4a9 100%&#8220; background_color_gradient_stops_phone=&#8220;#2b87da 0%|#29c4a9 100%&#8220; background_color_gradient_start_position_tablet=&#8220;0%&#8220; background_color_gradient_start_position_phone=&#8220;0%&#8220; background_color_gradient_end_position_tablet=&#8220;100%&#8220; background_color_gradient_end_position_phone=&#8220;100%&#8220; z_index_tablet=&#8220;2&#8243; z_index_phone=&#8220;2&#8243; filter_hue_rotate_tablet=&#8220;0deg&#8220; filter_hue_rotate_phone=&#8220;0deg&#8220; filter_saturate_tablet=&#8220;100%&#8220; filter_saturate_phone=&#8220;100%&#8220; filter_brightness_tablet=&#8220;100%&#8220; filter_brightness_phone=&#8220;100%&#8220; filter_contrast_tablet=&#8220;100%&#8220; filter_contrast_phone=&#8220;100%&#8220; filter_invert_tablet=&#8220;0%&#8220; filter_invert_phone=&#8220;0%&#8220; filter_sepia_tablet=&#8220;0%&#8220; filter_sepia_phone=&#8220;0%&#8220; filter_opacity_tablet=&#8220;100%&#8220; filter_opacity_phone=&#8220;100%&#8220; filter_blur_tablet=&#8220;0px&#8220; filter_blur_phone=&#8220;0px&#8220; animation_duration_tablet=&#8220;1400ms&#8220; animation_duration_phone=&#8220;1400ms&#8220; animation_delay_tablet=&#8220;0ms&#8220; animation_delay_phone=&#8220;0ms&#8220; animation_intensity_slide_tablet=&#8220;50%&#8220; animation_intensity_slide_phone=&#8220;50%&#8220; animation_intensity_zoom_tablet=&#8220;50%&#8220; animation_intensity_zoom_phone=&#8220;50%&#8220; animation_intensity_flip_tablet=&#8220;50%&#8220; animation_intensity_flip_phone=&#8220;50%&#8220; animation_intensity_fold_tablet=&#8220;50%&#8220; animation_intensity_fold_phone=&#8220;50%&#8220; animation_intensity_roll_tablet=&#8220;50%&#8220; animation_intensity_roll_phone=&#8220;50%&#8220; animation_starting_opacity_tablet=&#8220;0%&#8220; animation_starting_opacity_phone=&#8220;0%&#8220; hover_transition_duration_tablet=&#8220;300ms&#8220; hover_transition_duration_phone=&#8220;300ms&#8220; hover_transition_delay_tablet=&#8220;0ms&#8220; hover_transition_delay_phone=&#8220;0ms&#8220; box_shadow_horizontal_tablet=&#8220;0px&#8220; box_shadow_horizontal_phone=&#8220;0px&#8220; box_shadow_vertical_tablet=&#8220;0px&#8220; box_shadow_vertical_phone=&#8220;0px&#8220; box_shadow_blur_tablet=&#8220;40px&#8220; box_shadow_blur_phone=&#8220;40px&#8220; box_shadow_spread_tablet=&#8220;0px&#8220; box_shadow_spread_phone=&#8220;0px&#8220; disabled=&#8220;%91object HTMLInputElement%93&#8243; global_colors_info=&#8220;{}&#8220; custom_padding__hover=&#8220;|||&#8220;][et_pb_image src=&#8220;https:\/\/eggster.eu\/wp-content\/uploads\/2022\/01\/catfish-tabs-1000px.png&#8220; _builder_version=&#8220;4.16&#8243; vertical_offset_tablet=&#8220;0&#8243; horizontal_offset_tablet=&#8220;0&#8243; z_index_tablet=&#8220;0&#8243; box_shadow_horizontal_tablet=&#8220;0px&#8220; box_shadow_vertical_tablet=&#8220;0px&#8220; box_shadow_blur_tablet=&#8220;40px&#8220; box_shadow_spread_tablet=&#8220;0px&#8220; global_colors_info=&#8220;{}&#8220;][\/et_pb_image][\/et_pb_column][et_pb_column type=&#8220;1_2&#8243; _builder_version=&#8220;4.16&#8243; vertical_offset_tablet=&#8220;0&#8243; vertical_offset_phone=&#8220;0&#8243; horizontal_offset_tablet=&#8220;0&#8243; horizontal_offset_phone=&#8220;0&#8243; custom_padding=&#8220;|||&#8220; custom_padding_tablet=&#8220;|||&#8220; custom_padding_phone=&#8220;|||&#8220; animation_direction=&#8220;right&#8220; background_color_gradient_direction_tablet=&#8220;180deg&#8220; background_color_gradient_direction_phone=&#8220;180deg&#8220; background_color_gradient_stops_tablet=&#8220;#2b87da 0%|#29c4a9 100%&#8220; background_color_gradient_stops_phone=&#8220;#2b87da 0%|#29c4a9 100%&#8220; background_color_gradient_start_position_tablet=&#8220;0%&#8220; background_color_gradient_start_position_phone=&#8220;0%&#8220; background_color_gradient_end_position_tablet=&#8220;100%&#8220; background_color_gradient_end_position_phone=&#8220;100%&#8220; z_index_tablet=&#8220;2&#8243; z_index_phone=&#8220;2&#8243; filter_hue_rotate_tablet=&#8220;0deg&#8220; filter_hue_rotate_phone=&#8220;0deg&#8220; filter_saturate_tablet=&#8220;100%&#8220; filter_saturate_phone=&#8220;100%&#8220; filter_brightness_tablet=&#8220;100%&#8220; filter_brightness_phone=&#8220;100%&#8220; filter_contrast_tablet=&#8220;100%&#8220; filter_contrast_phone=&#8220;100%&#8220; filter_invert_tablet=&#8220;0%&#8220; filter_invert_phone=&#8220;0%&#8220; filter_sepia_tablet=&#8220;0%&#8220; filter_sepia_phone=&#8220;0%&#8220; filter_opacity_tablet=&#8220;100%&#8220; filter_opacity_phone=&#8220;100%&#8220; filter_blur_tablet=&#8220;0px&#8220; filter_blur_phone=&#8220;0px&#8220; animation_duration_tablet=&#8220;1400ms&#8220; animation_duration_phone=&#8220;1400ms&#8220; animation_delay_tablet=&#8220;0ms&#8220; animation_delay_phone=&#8220;0ms&#8220; animation_intensity_slide_tablet=&#8220;50%&#8220; animation_intensity_slide_phone=&#8220;50%&#8220; animation_intensity_zoom_tablet=&#8220;50%&#8220; animation_intensity_zoom_phone=&#8220;50%&#8220; animation_intensity_flip_tablet=&#8220;50%&#8220; animation_intensity_flip_phone=&#8220;50%&#8220; animation_intensity_fold_tablet=&#8220;50%&#8220; animation_intensity_fold_phone=&#8220;50%&#8220; animation_intensity_roll_tablet=&#8220;50%&#8220; animation_intensity_roll_phone=&#8220;50%&#8220; animation_starting_opacity_tablet=&#8220;0%&#8220; animation_starting_opacity_phone=&#8220;0%&#8220; hover_transition_duration_tablet=&#8220;300ms&#8220; hover_transition_duration_phone=&#8220;300ms&#8220; hover_transition_delay_tablet=&#8220;0ms&#8220; hover_transition_delay_phone=&#8220;0ms&#8220; box_shadow_horizontal_tablet=&#8220;0px&#8220; box_shadow_horizontal_phone=&#8220;0px&#8220; box_shadow_vertical_tablet=&#8220;0px&#8220; box_shadow_vertical_phone=&#8220;0px&#8220; box_shadow_blur_tablet=&#8220;40px&#8220; box_shadow_blur_phone=&#8220;40px&#8220; box_shadow_spread_tablet=&#8220;0px&#8220; box_shadow_spread_phone=&#8220;0px&#8220; disabled=&#8220;%91object HTMLInputElement%93&#8243; global_colors_info=&#8220;{}&#8220; custom_padding__hover=&#8220;|||&#8220;][et_pb_divider show_divider=&#8220;off&#8220; _builder_version=&#8220;4.16&#8243; vertical_offset_tablet=&#8220;0&#8243; horizontal_offset_tablet=&#8220;0&#8243; height=&#8220;30px&#8220; z_index_tablet=&#8220;0&#8243; box_shadow_horizontal_tablet=&#8220;0px&#8220; box_shadow_vertical_tablet=&#8220;0px&#8220; box_shadow_blur_tablet=&#8220;40px&#8220; box_shadow_spread_tablet=&#8220;0px&#8220; global_colors_info=&#8220;{}&#8220;][\/et_pb_divider][et_pb_text _builder_version=&#8220;4.16&#8243; vertical_offset_tablet=&#8220;0&#8243; horizontal_offset_tablet=&#8220;0&#8243; z_index_tablet=&#8220;0&#8243; text_text_shadow_horizontal_length_tablet=&#8220;0px&#8220; text_text_shadow_vertical_length_tablet=&#8220;0px&#8220; text_text_shadow_blur_strength_tablet=&#8220;1px&#8220; link_text_shadow_horizontal_length_tablet=&#8220;0px&#8220; link_text_shadow_vertical_length_tablet=&#8220;0px&#8220; link_text_shadow_blur_strength_tablet=&#8220;1px&#8220; ul_text_shadow_horizontal_length_tablet=&#8220;0px&#8220; ul_text_shadow_vertical_length_tablet=&#8220;0px&#8220; ul_text_shadow_blur_strength_tablet=&#8220;1px&#8220; ol_text_shadow_horizontal_length_tablet=&#8220;0px&#8220; ol_text_shadow_vertical_length_tablet=&#8220;0px&#8220; ol_text_shadow_blur_strength_tablet=&#8220;1px&#8220; quote_text_shadow_horizontal_length_tablet=&#8220;0px&#8220; quote_text_shadow_vertical_length_tablet=&#8220;0px&#8220; quote_text_shadow_blur_strength_tablet=&#8220;1px&#8220; header_text_shadow_horizontal_length_tablet=&#8220;0px&#8220; header_text_shadow_vertical_length_tablet=&#8220;0px&#8220; header_text_shadow_blur_strength_tablet=&#8220;1px&#8220; header_2_text_shadow_horizontal_length_tablet=&#8220;0px&#8220; header_2_text_shadow_vertical_length_tablet=&#8220;0px&#8220; header_2_text_shadow_blur_strength_tablet=&#8220;1px&#8220; header_3_text_shadow_horizontal_length_tablet=&#8220;0px&#8220; header_3_text_shadow_vertical_length_tablet=&#8220;0px&#8220; header_3_text_shadow_blur_strength_tablet=&#8220;1px&#8220; header_4_text_shadow_horizontal_length_tablet=&#8220;0px&#8220; header_4_text_shadow_vertical_length_tablet=&#8220;0px&#8220; header_4_text_shadow_blur_strength_tablet=&#8220;1px&#8220; header_5_text_shadow_horizontal_length_tablet=&#8220;0px&#8220; header_5_text_shadow_vertical_length_tablet=&#8220;0px&#8220; header_5_text_shadow_blur_strength_tablet=&#8220;1px&#8220; header_6_text_shadow_horizontal_length_tablet=&#8220;0px&#8220; header_6_text_shadow_vertical_length_tablet=&#8220;0px&#8220; header_6_text_shadow_blur_strength_tablet=&#8220;1px&#8220; box_shadow_horizontal_tablet=&#8220;0px&#8220; box_shadow_vertical_tablet=&#8220;0px&#8220; box_shadow_blur_tablet=&#8220;40px&#8220; box_shadow_spread_tablet=&#8220;0px&#8220; global_colors_info=&#8220;{}&#8220;]<\/p>\n<h1>Bodengrundtabletten f\u00fcr <span class=\"color\">Welse<\/span>.<\/h1>\n<p>[\/et_pb_text][et_pb_text _builder_version=&#8220;4.19.4&#8243; vertical_offset_tablet=&#8220;0&#8243; horizontal_offset_tablet=&#8220;0&#8243; hover_enabled=&#8220;0&#8243; z_index_tablet=&#8220;0&#8243; text_text_shadow_horizontal_length_tablet=&#8220;0px&#8220; text_text_shadow_vertical_length_tablet=&#8220;0px&#8220; text_text_shadow_blur_strength_tablet=&#8220;1px&#8220; link_text_shadow_horizontal_length_tablet=&#8220;0px&#8220; link_text_shadow_vertical_length_tablet=&#8220;0px&#8220; link_text_shadow_blur_strength_tablet=&#8220;1px&#8220; ul_text_shadow_horizontal_length_tablet=&#8220;0px&#8220; ul_text_shadow_vertical_length_tablet=&#8220;0px&#8220; ul_text_shadow_blur_strength_tablet=&#8220;1px&#8220; ol_text_shadow_horizontal_length_tablet=&#8220;0px&#8220; ol_text_shadow_vertical_length_tablet=&#8220;0px&#8220; ol_text_shadow_blur_strength_tablet=&#8220;1px&#8220; quote_text_shadow_horizontal_length_tablet=&#8220;0px&#8220; quote_text_shadow_vertical_length_tablet=&#8220;0px&#8220; quote_text_shadow_blur_strength_tablet=&#8220;1px&#8220; header_text_shadow_horizontal_length_tablet=&#8220;0px&#8220; header_text_shadow_vertical_length_tablet=&#8220;0px&#8220; header_text_shadow_blur_strength_tablet=&#8220;1px&#8220; header_2_text_shadow_horizontal_length_tablet=&#8220;0px&#8220; header_2_text_shadow_vertical_length_tablet=&#8220;0px&#8220; header_2_text_shadow_blur_strength_tablet=&#8220;1px&#8220; header_3_text_shadow_horizontal_length_tablet=&#8220;0px&#8220; header_3_text_shadow_vertical_length_tablet=&#8220;0px&#8220; header_3_text_shadow_blur_strength_tablet=&#8220;1px&#8220; header_4_text_shadow_horizontal_length_tablet=&#8220;0px&#8220; header_4_text_shadow_vertical_length_tablet=&#8220;0px&#8220; header_4_text_shadow_blur_strength_tablet=&#8220;1px&#8220; header_5_text_shadow_horizontal_length_tablet=&#8220;0px&#8220; header_5_text_shadow_vertical_length_tablet=&#8220;0px&#8220; header_5_text_shadow_blur_strength_tablet=&#8220;1px&#8220; header_6_text_shadow_horizontal_length_tablet=&#8220;0px&#8220; header_6_text_shadow_vertical_length_tablet=&#8220;0px&#8220; header_6_text_shadow_blur_strength_tablet=&#8220;1px&#8220; box_shadow_horizontal_tablet=&#8220;0px&#8220; box_shadow_vertical_tablet=&#8220;0px&#8220; box_shadow_blur_tablet=&#8220;40px&#8220; box_shadow_spread_tablet=&#8220;0px&#8220; global_colors_info=&#8220;{}&#8220; sticky_enabled=&#8220;0&#8243;]<\/p>\n<p>Entdecken Sie die Tabletten f\u00fcr <strong>Corydoras<\/strong> und <strong>L-welse<\/strong>. Mit diesen Tabletten mit einem Durchmesser von <strong>10 mm<\/strong> k\u00f6nnen Sie die Ern\u00e4hrung Ihrer Welse abwechslungsreicher gestalten. Die Tabletten sind perfekt f\u00fcr Ancistrus, Hypancistrus, Corydoras und andere. Sie sind <strong>reich an Vitaminen<\/strong> und sehr beliebt bei Fischen, die sich haupts\u00e4chlich fleisch-, aber auch pflanzenfressend ern\u00e4hren. <\/p>\n<p>[\/et_pb_text][et_pb_code admin_label=&#8220;Bouton produit (changer ID produit)&#8220; _builder_version=&#8220;4.19.0&#8243; vertical_offset_tablet=&#8220;0&#8243; horizontal_offset_tablet=&#8220;0&#8243; z_index_tablet=&#8220;0&#8243; box_shadow_horizontal_tablet=&#8220;0px&#8220; box_shadow_vertical_tablet=&#8220;0px&#8220; box_shadow_blur_tablet=&#8220;40px&#8220; box_shadow_spread_tablet=&#8220;0px&#8220; global_colors_info=&#8220;{}&#8220;]<\/p>\n<div class=\"price-product-page\"><!-- [et_pb_line_break_holder] --><\/p>\n<div><!-- [et_pb_line_break_holder] -->  <span class=\"only\">200ml<\/span><!-- [et_pb_line_break_holder] -->  <span class=\"prix\"><ins><span class=\"woocommerce-Price-amount amount\"><bdi>14,79&nbsp;<span class=\"woocommerce-Price-currencySymbol\">&euro;<\/span><\/bdi><\/span><\/ins><\/span><!-- [et_pb_line_break_holder] --><\/div>\n<p><!-- [et_pb_line_break_holder] -->  <a class=\"et_pb_button bouton-achat\" href=\"https:\/\/eggster.eu\/de\/?add-to-cart=4221\">In den Warenkorb<\/a><!-- [et_pb_line_break_holder] --><\/div>\n<p>[\/et_pb_code][\/et_pb_column][\/et_pb_row][et_pb_row _builder_version=&#8220;4.16&#8243; background_size=&#8220;initial&#8220; background_position=&#8220;top_left&#8220; background_repeat=&#8220;repeat&#8220; global_colors_info=&#8220;{}&#8220;][et_pb_column type=&#8220;4_4&#8243; _builder_version=&#8220;4.16&#8243; custom_padding=&#8220;|||&#8220; global_colors_info=&#8220;{}&#8220; custom_padding__hover=&#8220;|||&#8220;][et_pb_code _builder_version=&#8220;4.16&#8243; vertical_offset_tablet=&#8220;0&#8243; horizontal_offset_tablet=&#8220;0&#8243; z_index_tablet=&#8220;0&#8243; box_shadow_horizontal_tablet=&#8220;0px&#8220; box_shadow_vertical_tablet=&#8220;0px&#8220; box_shadow_blur_tablet=&#8220;40px&#8220; box_shadow_spread_tablet=&#8220;0px&#8220; global_colors_info=&#8220;{}&#8220;]<script type=\"application\/ld+json\"><!-- [et_pb_line_break_holder] -->    {<!-- [et_pb_line_break_holder] -->      \"@context\": \"https:\/\/schema.org\/\",<!-- [et_pb_line_break_holder] -->      \"@type\": \"Product\",<!-- [et_pb_line_break_holder] -->      \"name\": \"Bodengrundtabletten f\u00fcr Welse\",<!-- [et_pb_line_break_holder] -->      \"image\": [<!-- [et_pb_line_break_holder] -->        \"https:\/\/eggster.eu\/wp-content\/uploads\/2022\/01\/catfish-tabs-300px.jpg\"<!-- [et_pb_line_break_holder] -->       ],<!-- [et_pb_line_break_holder] -->      \"description\": \"Entdecken Sie die Tabletten f\u00fcr Corydoras und L-welse. Mit diesen Tabletten mit einem Durchmesser von 10 mm k\u00f6nnen Sie die Ern\u00e4hrung Ihrer Welse abwechslungsreicher gestalten.\",<!-- [et_pb_line_break_holder] -->      \"sku\": \"PAS22\",<!-- [et_pb_line_break_holder] -->      \"brand\": {<!-- [et_pb_line_break_holder] -->        \"@type\": \"Brand\",<!-- [et_pb_line_break_holder] -->        \"name\": \"Eggster\"<!-- [et_pb_line_break_holder] -->      },<!-- [et_pb_line_break_holder] -->      \"aggregateRating\": {<!-- [et_pb_line_break_holder] -->        \"@type\": \"AggregateRating\",<!-- [et_pb_line_break_holder] -->        \"ratingValue\": \"4.3\",<!-- [et_pb_line_break_holder] -->        \"reviewCount\": \"13\"<!-- [et_pb_line_break_holder] -->      },<!-- [et_pb_line_break_holder] -->      \"offers\": {<!-- [et_pb_line_break_holder] -->        \"@type\": \"Offer\",<!-- [et_pb_line_break_holder] -->        \"url\": \"https:\/\/eggster.eu\/de\/bodengrundtabletten-fuer-welse\/\",<!-- [et_pb_line_break_holder] -->        \"priceCurrency\": \"EUR\",<!-- [et_pb_line_break_holder] -->        \"price\": \"14.79\",<!-- [et_pb_line_break_holder] -->        \"itemCondition\": \"https:\/\/schema.org\/NewCondition\",<!-- [et_pb_line_break_holder] -->        \"availability\": \"https:\/\/schema.org\/InStock\"<!-- [et_pb_line_break_holder] -->      }<!-- [et_pb_line_break_holder] -->    }<!-- [et_pb_line_break_holder] -->    <\/script>[\/et_pb_code][\/et_pb_column][\/et_pb_row][\/et_pb_section]<\/p>\n","protected":false},"excerpt":{"rendered":"<p>Bodengrundtabletten f\u00fcr Welse.Entdecken Sie die Tabletten f\u00fcr Corydoras und L-welse. Mit diesen Tabletten mit einem Durchmesser von 10 mm k\u00f6nnen Sie die Ern\u00e4hrung Ihrer Welse abwechslungsreicher gestalten. Die Tabletten sind perfekt f\u00fcr Ancistrus, Hypancistrus, Corydoras und andere. Sie sind reich an Vitaminen und sehr beliebt bei Fischen, die sich haupts\u00e4chlich fleisch-, aber auch pflanzenfressend ern\u00e4hren. [&hellip;]<\/p>\n","protected":false},"author":1,"featured_media":0,"parent":0,"menu_order":0,"comment_status":"closed","ping_status":"closed","template":"","meta":{"_et_pb_use_builder":"on","_et_pb_old_content":"","_et_gb_content_width":"","footnotes":""},"class_list":["post-4539","page","type-page","status-publish","hentry"],"yoast_head":"<!-- This site is optimized with the Yoast SEO plugin v27.4 - https:\/\/yoast.com\/product\/yoast-seo-wordpress\/ -->\n<title>Bodengrundtabletten f\u00fcr Welse (Corydoras, L-Welse)<\/title>\n<meta name=\"description\" content=\"Tabletten f\u00fcr Corydoras und L-Welse mit einem Durchmesser von 10 mm, mit denen Sie die Ern\u00e4hrung Ihrer Welse abwechslungsreicher gestalten k\u00f6nnen.\" \/>\n<meta name=\"robots\" content=\"index, follow, max-snippet:-1, max-image-preview:large, max-video-preview:-1\" \/>\n<link rel=\"canonical\" href=\"https:\/\/eggster.eu\/de\/bodengrundtabletten-fuer-welse\/\" \/>\n<meta property=\"og:locale\" content=\"de_DE\" \/>\n<meta property=\"og:type\" content=\"article\" \/>\n<meta property=\"og:title\" content=\"Bodengrundtabletten f\u00fcr Welse (Corydoras, L-Welse)\" \/>\n<meta property=\"og:description\" content=\"Tabletten f\u00fcr Corydoras und L-Welse mit einem Durchmesser von 10 mm, mit denen Sie die Ern\u00e4hrung Ihrer Welse abwechslungsreicher gestalten k\u00f6nnen.\" \/>\n<meta property=\"og:url\" content=\"https:\/\/eggster.eu\/de\/bodengrundtabletten-fuer-welse\/\" \/>\n<meta property=\"og:site_name\" content=\"Eggster. Breeding technology\" \/>\n<meta property=\"article:modified_time\" content=\"2023-02-21T08:32:24+00:00\" \/>\n<meta name=\"twitter:card\" content=\"summary_large_image\" \/>\n<meta name=\"twitter:label1\" content=\"Gesch\u00e4tzte Lesezeit\" \/>\n\t<meta name=\"twitter:data1\" content=\"3\u00a0Minuten\" \/>\n<script type=\"application\/ld+json\" class=\"yoast-schema-graph\">{\"@context\":\"https:\\\/\\\/schema.org\",\"@graph\":[{\"@type\":\"WebPage\",\"@id\":\"https:\\\/\\\/eggster.eu\\\/de\\\/bodengrundtabletten-fuer-welse\\\/\",\"url\":\"https:\\\/\\\/eggster.eu\\\/de\\\/bodengrundtabletten-fuer-welse\\\/\",\"name\":\"Bodengrundtabletten f\u00fcr Welse (Corydoras, L-Welse)\",\"isPartOf\":{\"@id\":\"https:\\\/\\\/eggster.eu\\\/de\\\/#website\"},\"datePublished\":\"2022-04-01T17:19:05+00:00\",\"dateModified\":\"2023-02-21T08:32:24+00:00\",\"description\":\"Tabletten f\u00fcr Corydoras und L-Welse mit einem Durchmesser von 10 mm, mit denen Sie die Ern\u00e4hrung Ihrer Welse abwechslungsreicher gestalten k\u00f6nnen.\",\"inLanguage\":\"de\",\"potentialAction\":[{\"@type\":\"ReadAction\",\"target\":[\"https:\\\/\\\/eggster.eu\\\/de\\\/bodengrundtabletten-fuer-welse\\\/\"]}]},{\"@type\":\"WebSite\",\"@id\":\"https:\\\/\\\/eggster.eu\\\/de\\\/#website\",\"url\":\"https:\\\/\\\/eggster.eu\\\/de\\\/\",\"name\":\"Eggster. Breeding technology\",\"description\":\"\",\"potentialAction\":[{\"@type\":\"SearchAction\",\"target\":{\"@type\":\"EntryPoint\",\"urlTemplate\":\"https:\\\/\\\/eggster.eu\\\/de\\\/?s={search_term_string}\"},\"query-input\":{\"@type\":\"PropertyValueSpecification\",\"valueRequired\":true,\"valueName\":\"search_term_string\"}}],\"inLanguage\":\"de\"}]}<\/script>\n<!-- \/ Yoast SEO plugin. -->","yoast_head_json":{"title":"Bodengrundtabletten f\u00fcr Welse (Corydoras, L-Welse)","description":"Tabletten f\u00fcr Corydoras und L-Welse mit einem Durchmesser von 10 mm, mit denen Sie die Ern\u00e4hrung Ihrer Welse abwechslungsreicher gestalten k\u00f6nnen.","robots":{"index":"index","follow":"follow","max-snippet":"max-snippet:-1","max-image-preview":"max-image-preview:large","max-video-preview":"max-video-preview:-1"},"canonical":"https:\/\/eggster.eu\/de\/bodengrundtabletten-fuer-welse\/","og_locale":"de_DE","og_type":"article","og_title":"Bodengrundtabletten f\u00fcr Welse (Corydoras, L-Welse)","og_description":"Tabletten f\u00fcr Corydoras und L-Welse mit einem Durchmesser von 10 mm, mit denen Sie die Ern\u00e4hrung Ihrer Welse abwechslungsreicher gestalten k\u00f6nnen.","og_url":"https:\/\/eggster.eu\/de\/bodengrundtabletten-fuer-welse\/","og_site_name":"Eggster. Breeding technology","article_modified_time":"2023-02-21T08:32:24+00:00","twitter_card":"summary_large_image","twitter_misc":{"Gesch\u00e4tzte Lesezeit":"3\u00a0Minuten"},"schema":{"@context":"https:\/\/schema.org","@graph":[{"@type":"WebPage","@id":"https:\/\/eggster.eu\/de\/bodengrundtabletten-fuer-welse\/","url":"https:\/\/eggster.eu\/de\/bodengrundtabletten-fuer-welse\/","name":"Bodengrundtabletten f\u00fcr Welse (Corydoras, L-Welse)","isPartOf":{"@id":"https:\/\/eggster.eu\/de\/#website"},"datePublished":"2022-04-01T17:19:05+00:00","dateModified":"2023-02-21T08:32:24+00:00","description":"Tabletten f\u00fcr Corydoras und L-Welse mit einem Durchmesser von 10 mm, mit denen Sie die Ern\u00e4hrung Ihrer Welse abwechslungsreicher gestalten k\u00f6nnen.","inLanguage":"de","potentialAction":[{"@type":"ReadAction","target":["https:\/\/eggster.eu\/de\/bodengrundtabletten-fuer-welse\/"]}]},{"@type":"WebSite","@id":"https:\/\/eggster.eu\/de\/#website","url":"https:\/\/eggster.eu\/de\/","name":"Eggster. Breeding technology","description":"","potentialAction":[{"@type":"SearchAction","target":{"@type":"EntryPoint","urlTemplate":"https:\/\/eggster.eu\/de\/?s={search_term_string}"},"query-input":{"@type":"PropertyValueSpecification","valueRequired":true,"valueName":"search_term_string"}}],"inLanguage":"de"}]}},"_links":{"self":[{"href":"https:\/\/eggster.eu\/de\/wp-json\/wp\/v2\/pages\/4539","targetHints":{"allow":["GET"]}}],"collection":[{"href":"https:\/\/eggster.eu\/de\/wp-json\/wp\/v2\/pages"}],"about":[{"href":"https:\/\/eggster.eu\/de\/wp-json\/wp\/v2\/types\/page"}],"author":[{"embeddable":true,"href":"https:\/\/eggster.eu\/de\/wp-json\/wp\/v2\/users\/1"}],"replies":[{"embeddable":true,"href":"https:\/\/eggster.eu\/de\/wp-json\/wp\/v2\/comments?post=4539"}],"version-history":[{"count":1,"href":"https:\/\/eggster.eu\/de\/wp-json\/wp\/v2\/pages\/4539\/revisions"}],"predecessor-version":[{"id":5857,"href":"https:\/\/eggster.eu\/de\/wp-json\/wp\/v2\/pages\/4539\/revisions\/5857"}],"wp:attachment":[{"href":"https:\/\/eggster.eu\/de\/wp-json\/wp\/v2\/media?parent=4539"}],"curies":[{"name":"wp","href":"https:\/\/api.w.org\/{rel}","templated":true}]}}