{"id":5632,"date":"2022-12-26T14:45:35","date_gmt":"2022-12-26T13:45:35","guid":{"rendered":"https:\/\/eggster.eu\/ersatzsaugnaepfe\/"},"modified":"2024-09-02T20:07:29","modified_gmt":"2024-09-02T18:07:29","slug":"ersatzsaugnaepfe","status":"publish","type":"page","link":"https:\/\/eggster.eu\/de\/ersatzsaugnaepfe\/","title":{"rendered":"Ersatzsaugn\u00e4pfe"},"content":{"rendered":"<p>[et_pb_section fb_built=&#8220;1&#8243; specialty=&#8220;on&#8220; _builder_version=&#8220;4.19.2&#8243; _module_preset=&#8220;default&#8220; global_colors_info=&#8220;{}&#8220;][et_pb_column type=&#8220;1_2&#8243; _builder_version=&#8220;4.16&#8243; custom_padding=&#8220;|||&#8220; global_colors_info=&#8220;{}&#8220; custom_padding__hover=&#8220;|||&#8220;][et_pb_image src=&#8220;https:\/\/eggster.eu\/wp-content\/uploads\/2022\/12\/ventouses-1000px.png&#8220; title_text=&#8220;ventouses-1000px&#8220; _builder_version=&#8220;4.19.2&#8243; vertical_offset_tablet=&#8220;0&#8243; horizontal_offset_tablet=&#8220;0&#8243; z_index_tablet=&#8220;0&#8243; box_shadow_horizontal_tablet=&#8220;0px&#8220; box_shadow_vertical_tablet=&#8220;0px&#8220; box_shadow_blur_tablet=&#8220;40px&#8220; box_shadow_spread_tablet=&#8220;0px&#8220; global_colors_info=&#8220;{}&#8220;][\/et_pb_image][et_pb_code _builder_version=&#8220;4.19.2&#8243; vertical_offset_tablet=&#8220;0&#8243; horizontal_offset_tablet=&#8220;0&#8243; z_index_tablet=&#8220;0&#8243; box_shadow_horizontal_tablet=&#8220;0px&#8220; box_shadow_vertical_tablet=&#8220;0px&#8220; box_shadow_blur_tablet=&#8220;40px&#8220; box_shadow_spread_tablet=&#8220;0px&#8220; global_colors_info=&#8220;{}&#8220;]<script type=\"application\/ld+json\"><!-- [et_pb_line_break_holder] -->    {<!-- [et_pb_line_break_holder] -->      \"@context\": \"https:\/\/schema.org\/\",<!-- [et_pb_line_break_holder] -->      \"@type\": \"Product\",<!-- [et_pb_line_break_holder] -->      \"name\": \"Ersatzsaugn\u00e4pfe\",<!-- [et_pb_line_break_holder] -->      \"image\": [<!-- [et_pb_line_break_holder] -->        \"https:\/\/eggster.eu\/wp-content\/uploads\/2022\/12\/ventouses-300px.jpg\"<!-- [et_pb_line_break_holder] -->       ],<!-- [et_pb_line_break_holder] -->      \"description\": \"10er-Pack Ersatzsaugn\u00e4pfe, g\u00fcltig f\u00fcr alle Eggster-Produkte.\",<!-- [et_pb_line_break_holder] -->      \"sku\": \"VEN22\",<!-- [et_pb_line_break_holder] -->      \"brand\": {<!-- [et_pb_line_break_holder] -->        \"@type\": \"Brand\",<!-- [et_pb_line_break_holder] -->        \"name\": \"Eggster\"<!-- [et_pb_line_break_holder] -->      },<!-- [et_pb_line_break_holder] -->      \"aggregateRating\": {<!-- [et_pb_line_break_holder] -->        \"@type\": \"AggregateRating\",<!-- [et_pb_line_break_holder] -->        \"ratingValue\": \"5\",<!-- [et_pb_line_break_holder] -->        \"reviewCount\": \"3\"<!-- [et_pb_line_break_holder] -->      },<!-- [et_pb_line_break_holder] -->      \"offers\": {<!-- [et_pb_line_break_holder] -->        \"@type\": \"Offer\",<!-- [et_pb_line_break_holder] -->        \"url\": \"https:\/\/eggster.eu\/de\/ersatzsaugnaepfe\/\",<!-- [et_pb_line_break_holder] -->        \"priceCurrency\": \"EUR\",<!-- [et_pb_line_break_holder] -->        \"price\": \"5.79\",<!-- [et_pb_line_break_holder] -->        \"itemCondition\": \"https:\/\/schema.org\/NewCondition\",<!-- [et_pb_line_break_holder] -->        \"availability\": \"https:\/\/schema.org\/InStock\"<!-- [et_pb_line_break_holder] -->      }<!-- [et_pb_line_break_holder] -->    }<!-- [et_pb_line_break_holder] -->    <\/script>[\/et_pb_code][\/et_pb_column][et_pb_column type=&#8220;1_2&#8243; specialty_columns=&#8220;2&#8243; _builder_version=&#8220;4.16&#8243; custom_padding=&#8220;|||&#8220; global_colors_info=&#8220;{}&#8220; custom_padding__hover=&#8220;|||&#8220;][et_pb_row_inner _builder_version=&#8220;4.19.2&#8243; _module_preset=&#8220;default&#8220; global_colors_info=&#8220;{}&#8220;][et_pb_column_inner saved_specialty_column_type=&#8220;1_2&#8243; _builder_version=&#8220;4.19.2&#8243; _module_preset=&#8220;default&#8220; global_colors_info=&#8220;{}&#8220;][et_pb_divider show_divider=&#8220;off&#8220; _builder_version=&#8220;4.16&#8243; vertical_offset_tablet=&#8220;0&#8243; horizontal_offset_tablet=&#8220;0&#8243; height=&#8220;30px&#8220; z_index_tablet=&#8220;0&#8243; box_shadow_horizontal_tablet=&#8220;0px&#8220; box_shadow_vertical_tablet=&#8220;0px&#8220; box_shadow_blur_tablet=&#8220;40px&#8220; box_shadow_spread_tablet=&#8220;0px&#8220; global_colors_info=&#8220;{}&#8220;][\/et_pb_divider][et_pb_text _builder_version=&#8220;4.19.2&#8243; vertical_offset_tablet=&#8220;0&#8243; horizontal_offset_tablet=&#8220;0&#8243; z_index_tablet=&#8220;0&#8243; text_text_shadow_horizontal_length_tablet=&#8220;0px&#8220; text_text_shadow_vertical_length_tablet=&#8220;0px&#8220; text_text_shadow_blur_strength_tablet=&#8220;1px&#8220; link_text_shadow_horizontal_length_tablet=&#8220;0px&#8220; link_text_shadow_vertical_length_tablet=&#8220;0px&#8220; link_text_shadow_blur_strength_tablet=&#8220;1px&#8220; ul_text_shadow_horizontal_length_tablet=&#8220;0px&#8220; ul_text_shadow_vertical_length_tablet=&#8220;0px&#8220; ul_text_shadow_blur_strength_tablet=&#8220;1px&#8220; ol_text_shadow_horizontal_length_tablet=&#8220;0px&#8220; ol_text_shadow_vertical_length_tablet=&#8220;0px&#8220; ol_text_shadow_blur_strength_tablet=&#8220;1px&#8220; quote_text_shadow_horizontal_length_tablet=&#8220;0px&#8220; quote_text_shadow_vertical_length_tablet=&#8220;0px&#8220; quote_text_shadow_blur_strength_tablet=&#8220;1px&#8220; header_text_shadow_horizontal_length_tablet=&#8220;0px&#8220; header_text_shadow_vertical_length_tablet=&#8220;0px&#8220; header_text_shadow_blur_strength_tablet=&#8220;1px&#8220; header_2_text_shadow_horizontal_length_tablet=&#8220;0px&#8220; header_2_text_shadow_vertical_length_tablet=&#8220;0px&#8220; header_2_text_shadow_blur_strength_tablet=&#8220;1px&#8220; header_3_text_shadow_horizontal_length_tablet=&#8220;0px&#8220; header_3_text_shadow_vertical_length_tablet=&#8220;0px&#8220; header_3_text_shadow_blur_strength_tablet=&#8220;1px&#8220; header_4_text_shadow_horizontal_length_tablet=&#8220;0px&#8220; header_4_text_shadow_vertical_length_tablet=&#8220;0px&#8220; header_4_text_shadow_blur_strength_tablet=&#8220;1px&#8220; header_5_text_shadow_horizontal_length_tablet=&#8220;0px&#8220; header_5_text_shadow_vertical_length_tablet=&#8220;0px&#8220; header_5_text_shadow_blur_strength_tablet=&#8220;1px&#8220; header_6_text_shadow_horizontal_length_tablet=&#8220;0px&#8220; header_6_text_shadow_vertical_length_tablet=&#8220;0px&#8220; header_6_text_shadow_blur_strength_tablet=&#8220;1px&#8220; box_shadow_horizontal_tablet=&#8220;0px&#8220; box_shadow_vertical_tablet=&#8220;0px&#8220; box_shadow_blur_tablet=&#8220;40px&#8220; box_shadow_spread_tablet=&#8220;0px&#8220; global_colors_info=&#8220;{}&#8220;]<\/p>\n<h1>Set mit <span class=\"color\">10 Ersatzsaugn\u00e4pfen<\/span>.<\/h1>\n<p>[\/et_pb_text][et_pb_text _builder_version=&#8220;4.19.2&#8243; vertical_offset_tablet=&#8220;0&#8243; horizontal_offset_tablet=&#8220;0&#8243; z_index_tablet=&#8220;0&#8243; text_text_shadow_horizontal_length_tablet=&#8220;0px&#8220; text_text_shadow_vertical_length_tablet=&#8220;0px&#8220; text_text_shadow_blur_strength_tablet=&#8220;1px&#8220; link_text_shadow_horizontal_length_tablet=&#8220;0px&#8220; link_text_shadow_vertical_length_tablet=&#8220;0px&#8220; link_text_shadow_blur_strength_tablet=&#8220;1px&#8220; ul_text_shadow_horizontal_length_tablet=&#8220;0px&#8220; ul_text_shadow_vertical_length_tablet=&#8220;0px&#8220; ul_text_shadow_blur_strength_tablet=&#8220;1px&#8220; ol_text_shadow_horizontal_length_tablet=&#8220;0px&#8220; ol_text_shadow_vertical_length_tablet=&#8220;0px&#8220; ol_text_shadow_blur_strength_tablet=&#8220;1px&#8220; quote_text_shadow_horizontal_length_tablet=&#8220;0px&#8220; quote_text_shadow_vertical_length_tablet=&#8220;0px&#8220; quote_text_shadow_blur_strength_tablet=&#8220;1px&#8220; header_text_shadow_horizontal_length_tablet=&#8220;0px&#8220; header_text_shadow_vertical_length_tablet=&#8220;0px&#8220; header_text_shadow_blur_strength_tablet=&#8220;1px&#8220; header_2_text_shadow_horizontal_length_tablet=&#8220;0px&#8220; header_2_text_shadow_vertical_length_tablet=&#8220;0px&#8220; header_2_text_shadow_blur_strength_tablet=&#8220;1px&#8220; header_3_text_shadow_horizontal_length_tablet=&#8220;0px&#8220; header_3_text_shadow_vertical_length_tablet=&#8220;0px&#8220; header_3_text_shadow_blur_strength_tablet=&#8220;1px&#8220; header_4_text_shadow_horizontal_length_tablet=&#8220;0px&#8220; header_4_text_shadow_vertical_length_tablet=&#8220;0px&#8220; header_4_text_shadow_blur_strength_tablet=&#8220;1px&#8220; header_5_text_shadow_horizontal_length_tablet=&#8220;0px&#8220; header_5_text_shadow_vertical_length_tablet=&#8220;0px&#8220; header_5_text_shadow_blur_strength_tablet=&#8220;1px&#8220; header_6_text_shadow_horizontal_length_tablet=&#8220;0px&#8220; header_6_text_shadow_vertical_length_tablet=&#8220;0px&#8220; header_6_text_shadow_blur_strength_tablet=&#8220;1px&#8220; box_shadow_horizontal_tablet=&#8220;0px&#8220; box_shadow_vertical_tablet=&#8220;0px&#8220; box_shadow_blur_tablet=&#8220;40px&#8220; box_shadow_spread_tablet=&#8220;0px&#8220; global_colors_info=&#8220;{}&#8220;]<\/p>\n<p>Nach einiger Zeit k\u00f6nnen die Saugn\u00e4pfe Ihrer Eggster-Produkte m\u00fcde werden. Um diesem Problem entgegenzuwirken, sollten Sie die Saugn\u00e4pfe bei den ersten Anzeichen von Schw\u00e4che austauschen. Aus diesem Grund haben wir die <strong>10er-Packung Ersatzsaugn\u00e4pfe<\/strong> f\u00fcr Sie bereitgestellt. <strong>Alle Eggster-Produkte verwenden aus Kompatibilit\u00e4tsgr\u00fcnden die gleichen Saugn\u00e4pfe.<\/strong><\/p>\n<p>[\/et_pb_text][et_pb_code admin_label=&#8220;Bouton produit (changer ID produit)&#8220; _builder_version=&#8220;4.27.0&#8243; vertical_offset_tablet=&#8220;0&#8243; horizontal_offset_tablet=&#8220;0&#8243; hover_enabled=&#8220;0&#8243; z_index_tablet=&#8220;0&#8243; box_shadow_horizontal_tablet=&#8220;0px&#8220; box_shadow_vertical_tablet=&#8220;0px&#8220; box_shadow_blur_tablet=&#8220;40px&#8220; box_shadow_spread_tablet=&#8220;0px&#8220; global_colors_info=&#8220;{}&#8220; sticky_enabled=&#8220;0&#8243;]<\/p>\n<h4 style=\"font-size: 16px;margin-bottom:20px;\"><!-- [et_pb_line_break_holder] -->  <span class=\"et_pb_icon_wrap\"><span class=\"et-pb-icon\" style=\"font-size:18px;\">N<\/span><\/span>Kostenloser Versand ab <span class=\"color\">50\u20ac Einkaufswert<\/span>.<!\u2013- [et_pb_br_holder] -\u2013><!\u2013- [et_pb_br_holder] -\u2013><!-- [et_pb_line_break_holder] -->  <span class=\"et_pb_icon_wrap\"><span class=\"et-pb-icon\" style=\"font-size:18px;\">N<\/span><\/span>Lieferzeit ca. <span class=\"color\">2 bis 6 Werktage<\/span>.<!\u2013- [et_pb_br_holder] -\u2013><!\u2013- [et_pb_br_holder] -\u2013><!-- [et_pb_line_break_holder] -->  <span class=\"et_pb_icon_wrap\"><span class=\"et-pb-icon\" style=\"font-size:18px;\">N<\/span><\/span>Schutz Ihrer Daten durch <span class=\"color\">SSL-Zertifikat<\/span>.<!\u2013- [et_pb_br_holder] -\u2013><!\u2013- [et_pb_br_holder] -\u2013><!-- [et_pb_line_break_holder] -->  <span class=\"et_pb_icon_wrap\"><span class=\"et-pb-icon\" style=\"font-size: 18px;\">N<\/span><\/span>Sichere <span class=\"color\">Zahlungsmethoden<\/span>.<\/h4>\n<p><!-- [et_pb_line_break_holder] --><\/p>\n<div class=\"payment product\" style=\"margin-top:-20px; margin-bottom:20px;\"><img decoding=\"async\" src=\"\/wp-content\/uploads\/2023\/05\/cb.svg\" alt=\"CB\" width=\"40\" \/> <img decoding=\"async\" src=\"\/wp-content\/plugins\/woocommerce-gateway-stripe\/assets\/images\/visa.svg\" alt=\"visa\" width=\"40\" \/> <img decoding=\"async\" src=\"\/wp-content\/plugins\/woocommerce-gateway-stripe\/assets\/images\/mastercard.svg\" alt=\"Mastercard\" width=\"40\" \/> <img decoding=\"async\" src=\"\/wp-content\/plugins\/woocommerce-gateway-stripe\/assets\/images\/amex.svg\" alt=\"americanexpress\" width=\"40\" \/> <img decoding=\"async\" src=\"\/wp-content\/plugins\/woocommerce-gateway-stripe\/assets\/images\/bancontact.svg\" alt=\"bancontact\" width=\"40\" \/> \u00a0 <img decoding=\"async\" src=\"\/wp-content\/plugins\/woocommerce-gateway-stripe\/assets\/images\/giropay.svg\" alt=\"Giropay\" width=\"40\" \/> <img decoding=\"async\" src=\"\/wp-content\/plugins\/woocommerce-gateway-stripe\/assets\/images\/ideal.svg\" alt=\"iDeal\" width=\"30\" \/> <img decoding=\"async\" src=\"https:\/\/eggster.eu\/wp-content\/uploads\/2023\/05\/paypal-logo.svg\" alt=\"PayPal\" width=\"60\" \/><\/div>\n<p><!-- [et_pb_line_break_holder] --><!-- [et_pb_line_break_holder] --><\/p>\n<div class=\"price-product-page\"><!-- [et_pb_line_break_holder] --><!-- [et_pb_line_break_holder] --><\/p>\n<div>10 Saugn\u00e4pfe <span class=\"prix\"><ins><span class=\"woocommerce-Price-amount amount\"><bdi>5,79&nbsp;<span class=\"woocommerce-Price-currencySymbol\">&euro;<\/span><\/bdi><\/span><\/ins><\/span><!-- [et_pb_line_break_holder] --><\/div>\n<p><!-- [et_pb_line_break_holder] --><!-- [et_pb_line_break_holder] --> <a class=\"et_pb_button bouton-achat\" href=\"https:\/\/eggster.eu\/de\/?add-to-cart=5515\">In den Warenkorb<\/a><!-- [et_pb_line_break_holder] --><\/div>\n<p>[\/et_pb_code][et_pb_text _builder_version=&#8220;4.19.2&#8243; vertical_offset_tablet=&#8220;0&#8243; horizontal_offset_tablet=&#8220;0&#8243; z_index_tablet=&#8220;0&#8243; text_text_shadow_horizontal_length_tablet=&#8220;0px&#8220; text_text_shadow_vertical_length_tablet=&#8220;0px&#8220; text_text_shadow_blur_strength_tablet=&#8220;1px&#8220; link_text_shadow_horizontal_length_tablet=&#8220;0px&#8220; link_text_shadow_vertical_length_tablet=&#8220;0px&#8220; link_text_shadow_blur_strength_tablet=&#8220;1px&#8220; ul_text_shadow_horizontal_length_tablet=&#8220;0px&#8220; ul_text_shadow_vertical_length_tablet=&#8220;0px&#8220; ul_text_shadow_blur_strength_tablet=&#8220;1px&#8220; ol_text_shadow_horizontal_length_tablet=&#8220;0px&#8220; ol_text_shadow_vertical_length_tablet=&#8220;0px&#8220; ol_text_shadow_blur_strength_tablet=&#8220;1px&#8220; quote_text_shadow_horizontal_length_tablet=&#8220;0px&#8220; quote_text_shadow_vertical_length_tablet=&#8220;0px&#8220; quote_text_shadow_blur_strength_tablet=&#8220;1px&#8220; header_text_shadow_horizontal_length_tablet=&#8220;0px&#8220; header_text_shadow_vertical_length_tablet=&#8220;0px&#8220; header_text_shadow_blur_strength_tablet=&#8220;1px&#8220; header_2_text_shadow_horizontal_length_tablet=&#8220;0px&#8220; header_2_text_shadow_vertical_length_tablet=&#8220;0px&#8220; header_2_text_shadow_blur_strength_tablet=&#8220;1px&#8220; header_3_text_shadow_horizontal_length_tablet=&#8220;0px&#8220; header_3_text_shadow_vertical_length_tablet=&#8220;0px&#8220; header_3_text_shadow_blur_strength_tablet=&#8220;1px&#8220; header_4_text_shadow_horizontal_length_tablet=&#8220;0px&#8220; header_4_text_shadow_vertical_length_tablet=&#8220;0px&#8220; header_4_text_shadow_blur_strength_tablet=&#8220;1px&#8220; header_5_text_shadow_horizontal_length_tablet=&#8220;0px&#8220; header_5_text_shadow_vertical_length_tablet=&#8220;0px&#8220; header_5_text_shadow_blur_strength_tablet=&#8220;1px&#8220; header_6_text_shadow_horizontal_length_tablet=&#8220;0px&#8220; header_6_text_shadow_vertical_length_tablet=&#8220;0px&#8220; header_6_text_shadow_blur_strength_tablet=&#8220;1px&#8220; box_shadow_horizontal_tablet=&#8220;0px&#8220; box_shadow_vertical_tablet=&#8220;0px&#8220; box_shadow_blur_tablet=&#8220;40px&#8220; box_shadow_spread_tablet=&#8220;0px&#8220; global_colors_info=&#8220;{}&#8220;]<\/p>\n<h3>Geeignet f\u00fcr:<\/h3>\n<p>[\/et_pb_text][\/et_pb_column_inner][\/et_pb_row_inner][et_pb_row_inner column_structure=&#8220;1_3,1_3,1_3&#8243; _builder_version=&#8220;4.19.2&#8243; _module_preset=&#8220;default&#8220; global_colors_info=&#8220;{}&#8220;][et_pb_column_inner type=&#8220;1_3&#8243; saved_specialty_column_type=&#8220;1_2&#8243; _builder_version=&#8220;4.19.2&#8243; _module_preset=&#8220;default&#8220; global_colors_info=&#8220;{}&#8220;][et_pb_image src=&#8220;https:\/\/eggster.eu\/wp-content\/uploads\/2021\/09\/incubateur-eggs-1000px.png&#8220; title_text=&#8220;incubateur-eggs-1000px&#8220; url=&#8220;https:\/\/eggster.eu\/de\/inkubator\/&#8220; url_new_window=&#8220;on&#8220; _builder_version=&#8220;4.19.2&#8243; _module_preset=&#8220;default&#8220; global_colors_info=&#8220;{}&#8220;][\/et_pb_image][\/et_pb_column_inner][et_pb_column_inner type=&#8220;1_3&#8243; saved_specialty_column_type=&#8220;1_2&#8243; _builder_version=&#8220;4.19.2&#8243; _module_preset=&#8220;default&#8220; global_colors_info=&#8220;{}&#8220;][et_pb_image src=&#8220;https:\/\/eggster.eu\/wp-content\/uploads\/2021\/05\/support-de-ponte-rigole-1000px-1.png&#8220; title_text=&#8220;support-de-ponte-rigole-1000px&#8220; url=&#8220;https:\/\/eggster.eu\/de\/laichunterstuetzung\/&#8220; url_new_window=&#8220;on&#8220; admin_label=&#8220;Image&#8220; _builder_version=&#8220;4.19.2&#8243; _module_preset=&#8220;default&#8220; global_colors_info=&#8220;{}&#8220;][\/et_pb_image][\/et_pb_column_inner][et_pb_column_inner type=&#8220;1_3&#8243; saved_specialty_column_type=&#8220;1_2&#8243; _builder_version=&#8220;4.19.2&#8243; _module_preset=&#8220;default&#8220; global_colors_info=&#8220;{}&#8220;][\/et_pb_column_inner][\/et_pb_row_inner][\/et_pb_column][\/et_pb_section]<\/p>\n","protected":false},"excerpt":{"rendered":"<p>Set mit 10 Ersatzsaugn\u00e4pfen.Nach einiger Zeit k\u00f6nnen die Saugn\u00e4pfe Ihrer Eggster-Produkte m\u00fcde werden. Um diesem Problem entgegenzuwirken, sollten Sie die Saugn\u00e4pfe bei den ersten Anzeichen von Schw\u00e4che austauschen. Aus diesem Grund haben wir die 10er-Packung Ersatzsaugn\u00e4pfe f\u00fcr Sie bereitgestellt. Alle Eggster-Produkte verwenden aus Kompatibilit\u00e4tsgr\u00fcnden die gleichen Saugn\u00e4pfe. NKostenloser Versand ab 50\u20ac Einkaufswert. NLieferzeit ca. 2 [&hellip;]<\/p>\n","protected":false},"author":1,"featured_media":0,"parent":0,"menu_order":0,"comment_status":"closed","ping_status":"closed","template":"","meta":{"_et_pb_use_builder":"on","_et_pb_old_content":"","_et_gb_content_width":"","footnotes":""},"class_list":["post-5632","page","type-page","status-publish","hentry"],"yoast_head":"<!-- This site is optimized with the Yoast SEO plugin v27.4 - https:\/\/yoast.com\/product\/yoast-seo-wordpress\/ -->\n<title>Ersatzsaugn\u00e4pfe - Eggster. Breeding technology<\/title>\n<meta name=\"robots\" content=\"index, follow, max-snippet:-1, max-image-preview:large, max-video-preview:-1\" \/>\n<link rel=\"canonical\" href=\"https:\/\/eggster.eu\/de\/ersatzsaugnaepfe\/\" \/>\n<meta property=\"og:locale\" content=\"de_DE\" \/>\n<meta property=\"og:type\" content=\"article\" \/>\n<meta property=\"og:title\" content=\"Ersatzsaugn\u00e4pfe - Eggster. Breeding technology\" \/>\n<meta property=\"og:description\" content=\"Set mit 10 Ersatzsaugn\u00e4pfen.Nach einiger Zeit k\u00f6nnen die Saugn\u00e4pfe Ihrer Eggster-Produkte m\u00fcde werden. Um diesem Problem entgegenzuwirken, sollten Sie die Saugn\u00e4pfe bei den ersten Anzeichen von Schw\u00e4che austauschen. Aus diesem Grund haben wir die 10er-Packung Ersatzsaugn\u00e4pfe f\u00fcr Sie bereitgestellt. Alle Eggster-Produkte verwenden aus Kompatibilit\u00e4tsgr\u00fcnden die gleichen Saugn\u00e4pfe. NKostenloser Versand ab 50\u20ac Einkaufswert. NLieferzeit ca. 2 [&hellip;]\" \/>\n<meta property=\"og:url\" content=\"https:\/\/eggster.eu\/de\/ersatzsaugnaepfe\/\" \/>\n<meta property=\"og:site_name\" content=\"Eggster. Breeding technology\" \/>\n<meta property=\"article:modified_time\" content=\"2024-09-02T18:07:29+00:00\" \/>\n<meta property=\"og:image\" content=\"https:\/\/eggster.eu\/wp-content\/uploads\/2023\/05\/paypal-logo.svg\" \/>\n<meta name=\"twitter:card\" content=\"summary_large_image\" \/>\n<meta name=\"twitter:label1\" content=\"Gesch\u00e4tzte Lesezeit\" \/>\n\t<meta name=\"twitter:data1\" content=\"1\u00a0Minute\" \/>\n<script type=\"application\/ld+json\" class=\"yoast-schema-graph\">{\"@context\":\"https:\\\/\\\/schema.org\",\"@graph\":[{\"@type\":\"WebPage\",\"@id\":\"https:\\\/\\\/eggster.eu\\\/de\\\/ersatzsaugnaepfe\\\/\",\"url\":\"https:\\\/\\\/eggster.eu\\\/de\\\/ersatzsaugnaepfe\\\/\",\"name\":\"Ersatzsaugn\u00e4pfe - Eggster. Breeding technology\",\"isPartOf\":{\"@id\":\"https:\\\/\\\/eggster.eu\\\/de\\\/#website\"},\"primaryImageOfPage\":{\"@id\":\"https:\\\/\\\/eggster.eu\\\/de\\\/ersatzsaugnaepfe\\\/#primaryimage\"},\"image\":{\"@id\":\"https:\\\/\\\/eggster.eu\\\/de\\\/ersatzsaugnaepfe\\\/#primaryimage\"},\"thumbnailUrl\":\"https:\\\/\\\/eggster.eu\\\/wp-content\\\/uploads\\\/2023\\\/05\\\/paypal-logo.svg\",\"datePublished\":\"2022-12-26T13:45:35+00:00\",\"dateModified\":\"2024-09-02T18:07:29+00:00\",\"inLanguage\":\"de\",\"potentialAction\":[{\"@type\":\"ReadAction\",\"target\":[\"https:\\\/\\\/eggster.eu\\\/de\\\/ersatzsaugnaepfe\\\/\"]}]},{\"@type\":\"ImageObject\",\"inLanguage\":\"de\",\"@id\":\"https:\\\/\\\/eggster.eu\\\/de\\\/ersatzsaugnaepfe\\\/#primaryimage\",\"url\":\"https:\\\/\\\/eggster.eu\\\/wp-content\\\/uploads\\\/2023\\\/05\\\/paypal-logo.svg\",\"contentUrl\":\"https:\\\/\\\/eggster.eu\\\/wp-content\\\/uploads\\\/2023\\\/05\\\/paypal-logo.svg\"},{\"@type\":\"WebSite\",\"@id\":\"https:\\\/\\\/eggster.eu\\\/de\\\/#website\",\"url\":\"https:\\\/\\\/eggster.eu\\\/de\\\/\",\"name\":\"Eggster. Breeding technology\",\"description\":\"\",\"potentialAction\":[{\"@type\":\"SearchAction\",\"target\":{\"@type\":\"EntryPoint\",\"urlTemplate\":\"https:\\\/\\\/eggster.eu\\\/de\\\/?s={search_term_string}\"},\"query-input\":{\"@type\":\"PropertyValueSpecification\",\"valueRequired\":true,\"valueName\":\"search_term_string\"}}],\"inLanguage\":\"de\"}]}<\/script>\n<!-- \/ Yoast SEO plugin. -->","yoast_head_json":{"title":"Ersatzsaugn\u00e4pfe - Eggster. Breeding technology","robots":{"index":"index","follow":"follow","max-snippet":"max-snippet:-1","max-image-preview":"max-image-preview:large","max-video-preview":"max-video-preview:-1"},"canonical":"https:\/\/eggster.eu\/de\/ersatzsaugnaepfe\/","og_locale":"de_DE","og_type":"article","og_title":"Ersatzsaugn\u00e4pfe - Eggster. Breeding technology","og_description":"Set mit 10 Ersatzsaugn\u00e4pfen.Nach einiger Zeit k\u00f6nnen die Saugn\u00e4pfe Ihrer Eggster-Produkte m\u00fcde werden. Um diesem Problem entgegenzuwirken, sollten Sie die Saugn\u00e4pfe bei den ersten Anzeichen von Schw\u00e4che austauschen. Aus diesem Grund haben wir die 10er-Packung Ersatzsaugn\u00e4pfe f\u00fcr Sie bereitgestellt. Alle Eggster-Produkte verwenden aus Kompatibilit\u00e4tsgr\u00fcnden die gleichen Saugn\u00e4pfe. NKostenloser Versand ab 50\u20ac Einkaufswert. NLieferzeit ca. 2 [&hellip;]","og_url":"https:\/\/eggster.eu\/de\/ersatzsaugnaepfe\/","og_site_name":"Eggster. Breeding technology","article_modified_time":"2024-09-02T18:07:29+00:00","og_image":[{"url":"https:\/\/eggster.eu\/wp-content\/uploads\/2023\/05\/paypal-logo.svg","type":"","width":"","height":""}],"twitter_card":"summary_large_image","twitter_misc":{"Gesch\u00e4tzte Lesezeit":"1\u00a0Minute"},"schema":{"@context":"https:\/\/schema.org","@graph":[{"@type":"WebPage","@id":"https:\/\/eggster.eu\/de\/ersatzsaugnaepfe\/","url":"https:\/\/eggster.eu\/de\/ersatzsaugnaepfe\/","name":"Ersatzsaugn\u00e4pfe - Eggster. Breeding technology","isPartOf":{"@id":"https:\/\/eggster.eu\/de\/#website"},"primaryImageOfPage":{"@id":"https:\/\/eggster.eu\/de\/ersatzsaugnaepfe\/#primaryimage"},"image":{"@id":"https:\/\/eggster.eu\/de\/ersatzsaugnaepfe\/#primaryimage"},"thumbnailUrl":"https:\/\/eggster.eu\/wp-content\/uploads\/2023\/05\/paypal-logo.svg","datePublished":"2022-12-26T13:45:35+00:00","dateModified":"2024-09-02T18:07:29+00:00","inLanguage":"de","potentialAction":[{"@type":"ReadAction","target":["https:\/\/eggster.eu\/de\/ersatzsaugnaepfe\/"]}]},{"@type":"ImageObject","inLanguage":"de","@id":"https:\/\/eggster.eu\/de\/ersatzsaugnaepfe\/#primaryimage","url":"https:\/\/eggster.eu\/wp-content\/uploads\/2023\/05\/paypal-logo.svg","contentUrl":"https:\/\/eggster.eu\/wp-content\/uploads\/2023\/05\/paypal-logo.svg"},{"@type":"WebSite","@id":"https:\/\/eggster.eu\/de\/#website","url":"https:\/\/eggster.eu\/de\/","name":"Eggster. Breeding technology","description":"","potentialAction":[{"@type":"SearchAction","target":{"@type":"EntryPoint","urlTemplate":"https:\/\/eggster.eu\/de\/?s={search_term_string}"},"query-input":{"@type":"PropertyValueSpecification","valueRequired":true,"valueName":"search_term_string"}}],"inLanguage":"de"}]}},"_links":{"self":[{"href":"https:\/\/eggster.eu\/de\/wp-json\/wp\/v2\/pages\/5632","targetHints":{"allow":["GET"]}}],"collection":[{"href":"https:\/\/eggster.eu\/de\/wp-json\/wp\/v2\/pages"}],"about":[{"href":"https:\/\/eggster.eu\/de\/wp-json\/wp\/v2\/types\/page"}],"author":[{"embeddable":true,"href":"https:\/\/eggster.eu\/de\/wp-json\/wp\/v2\/users\/1"}],"replies":[{"embeddable":true,"href":"https:\/\/eggster.eu\/de\/wp-json\/wp\/v2\/comments?post=5632"}],"version-history":[{"count":2,"href":"https:\/\/eggster.eu\/de\/wp-json\/wp\/v2\/pages\/5632\/revisions"}],"predecessor-version":[{"id":8157,"href":"https:\/\/eggster.eu\/de\/wp-json\/wp\/v2\/pages\/5632\/revisions\/8157"}],"wp:attachment":[{"href":"https:\/\/eggster.eu\/de\/wp-json\/wp\/v2\/media?parent=5632"}],"curies":[{"name":"wp","href":"https:\/\/api.w.org\/{rel}","templated":true}]}}