{"id":5612,"date":"2022-12-21T08:56:44","date_gmt":"2022-12-21T07:56:44","guid":{"rendered":"https:\/\/eggster.eu\/produit\/unkategorisiert\/10x-ersatzsaugnapfe\/"},"modified":"2022-12-21T08:56:44","modified_gmt":"2022-12-21T07:56:44","slug":"10x-ersatzsaugnapfe","status":"publish","type":"product","link":"https:\/\/eggster.eu\/de\/produit\/zucht-zubehoer\/ersatzteil\/10x-ersatzsaugnapfe\/","title":{"rendered":"Ersatzsaugn\u00e4pfe"},"content":{"rendered":"","protected":false},"excerpt":{"rendered":"<p>10er-Pack Ersatzsaugn\u00e4pfe, g\u00fcltig f\u00fcr alle Eggster-Produkte.<\/p>\n","protected":false},"featured_media":5519,"comment_status":"closed","ping_status":"closed","template":"","meta":{"_et_pb_use_builder":"","_et_pb_old_content":"","_et_gb_content_width":""},"product_brand":[],"product_cat":[257,80],"product_tag":[],"class_list":{"0":"post-5612","1":"product","2":"type-product","3":"status-publish","4":"has-post-thumbnail","6":"product_cat-ersatzteil","7":"product_cat-zucht-zubehoer","9":"first","10":"instock","11":"taxable","12":"shipping-taxable","13":"purchasable","14":"product-type-simple"},"yoast_head":"<!-- This site is optimized with the Yoast SEO plugin v27.5 - https:\/\/yoast.com\/product\/yoast-seo-wordpress\/ -->\n<title>Ersatzsaugn\u00e4pfe - Eggster. Breeding technology<\/title>\n<meta name=\"description\" content=\"10er-Pack Ersatzsaugn\u00e4pfe, g\u00fcltig f\u00fcr alle Eggster-Produkte.\" \/>\n<meta name=\"robots\" content=\"noindex, follow\" \/>\n<meta property=\"og:locale\" content=\"de_DE\" \/>\n<meta property=\"og:type\" content=\"article\" \/>\n<meta property=\"og:title\" content=\"Ersatzsaugn\u00e4pfe - Eggster. Breeding technology\" \/>\n<meta property=\"og:description\" content=\"10er-Pack Ersatzsaugn\u00e4pfe, g\u00fcltig f\u00fcr alle Eggster-Produkte.\" \/>\n<meta property=\"og:url\" content=\"https:\/\/eggster.eu\/de\/produit\/zucht-zubehoer\/ersatzteil\/10x-ersatzsaugnapfe\/\" \/>\n<meta property=\"og:site_name\" content=\"Eggster. Breeding technology\" \/>\n<meta property=\"og:image\" content=\"https:\/\/eggster.eu\/wp-content\/uploads\/2022\/12\/ventouses-1000px.png\" \/>\n\t<meta property=\"og:image:width\" content=\"1000\" \/>\n\t<meta property=\"og:image:height\" content=\"1000\" \/>\n\t<meta property=\"og:image:type\" content=\"image\/png\" \/>\n<meta name=\"twitter:card\" content=\"summary_large_image\" \/>\n<script type=\"application\/ld+json\" class=\"yoast-schema-graph\">{\"@context\":\"https:\\\/\\\/schema.org\",\"@graph\":[{\"@type\":\"WebPage\",\"@id\":\"https:\\\/\\\/eggster.eu\\\/de\\\/produit\\\/zucht-zubehoer\\\/ersatzteil\\\/10x-ersatzsaugnapfe\\\/\",\"url\":\"https:\\\/\\\/eggster.eu\\\/de\\\/produit\\\/zucht-zubehoer\\\/ersatzteil\\\/10x-ersatzsaugnapfe\\\/\",\"name\":\"Ersatzsaugn\u00e4pfe - Eggster. Breeding technology\",\"isPartOf\":{\"@id\":\"https:\\\/\\\/eggster.eu\\\/de\\\/#website\"},\"primaryImageOfPage\":{\"@id\":\"https:\\\/\\\/eggster.eu\\\/de\\\/produit\\\/zucht-zubehoer\\\/ersatzteil\\\/10x-ersatzsaugnapfe\\\/#primaryimage\"},\"image\":{\"@id\":\"https:\\\/\\\/eggster.eu\\\/de\\\/produit\\\/zucht-zubehoer\\\/ersatzteil\\\/10x-ersatzsaugnapfe\\\/#primaryimage\"},\"thumbnailUrl\":\"https:\\\/\\\/eggster.eu\\\/wp-content\\\/uploads\\\/2022\\\/12\\\/ventouses-1000px.png\",\"datePublished\":\"2022-12-21T07:56:44+00:00\",\"description\":\"10er-Pack Ersatzsaugn\u00e4pfe, g\u00fcltig f\u00fcr alle Eggster-Produkte.\",\"breadcrumb\":{\"@id\":\"https:\\\/\\\/eggster.eu\\\/de\\\/produit\\\/zucht-zubehoer\\\/ersatzteil\\\/10x-ersatzsaugnapfe\\\/#breadcrumb\"},\"inLanguage\":\"de\",\"potentialAction\":[{\"@type\":\"ReadAction\",\"target\":[\"https:\\\/\\\/eggster.eu\\\/de\\\/produit\\\/zucht-zubehoer\\\/ersatzteil\\\/10x-ersatzsaugnapfe\\\/\"]}]},{\"@type\":\"ImageObject\",\"inLanguage\":\"de\",\"@id\":\"https:\\\/\\\/eggster.eu\\\/de\\\/produit\\\/zucht-zubehoer\\\/ersatzteil\\\/10x-ersatzsaugnapfe\\\/#primaryimage\",\"url\":\"https:\\\/\\\/eggster.eu\\\/wp-content\\\/uploads\\\/2022\\\/12\\\/ventouses-1000px.png\",\"contentUrl\":\"https:\\\/\\\/eggster.eu\\\/wp-content\\\/uploads\\\/2022\\\/12\\\/ventouses-1000px.png\",\"width\":1000,\"height\":1000},{\"@type\":\"BreadcrumbList\",\"@id\":\"https:\\\/\\\/eggster.eu\\\/de\\\/produit\\\/zucht-zubehoer\\\/ersatzteil\\\/10x-ersatzsaugnapfe\\\/#breadcrumb\",\"itemListElement\":[{\"@type\":\"ListItem\",\"position\":1,\"name\":\"Startseite\",\"item\":\"https:\\\/\\\/eggster.eu\\\/de\\\/\"},{\"@type\":\"ListItem\",\"position\":2,\"name\":\"Ersatzsaugn\u00e4pfe\"}]},{\"@type\":\"WebSite\",\"@id\":\"https:\\\/\\\/eggster.eu\\\/de\\\/#website\",\"url\":\"https:\\\/\\\/eggster.eu\\\/de\\\/\",\"name\":\"Eggster. Breeding technology\",\"description\":\"\",\"potentialAction\":[{\"@type\":\"SearchAction\",\"target\":{\"@type\":\"EntryPoint\",\"urlTemplate\":\"https:\\\/\\\/eggster.eu\\\/de\\\/?s={search_term_string}\"},\"query-input\":{\"@type\":\"PropertyValueSpecification\",\"valueRequired\":true,\"valueName\":\"search_term_string\"}}],\"inLanguage\":\"de\"}]}<\/script>\n<!-- \/ Yoast SEO plugin. -->","yoast_head_json":{"title":"Ersatzsaugn\u00e4pfe - Eggster. Breeding technology","description":"10er-Pack Ersatzsaugn\u00e4pfe, g\u00fcltig f\u00fcr alle Eggster-Produkte.","robots":{"index":"noindex","follow":"follow"},"og_locale":"de_DE","og_type":"article","og_title":"Ersatzsaugn\u00e4pfe - Eggster. Breeding technology","og_description":"10er-Pack Ersatzsaugn\u00e4pfe, g\u00fcltig f\u00fcr alle Eggster-Produkte.","og_url":"https:\/\/eggster.eu\/de\/produit\/zucht-zubehoer\/ersatzteil\/10x-ersatzsaugnapfe\/","og_site_name":"Eggster. Breeding technology","og_image":[{"width":1000,"height":1000,"url":"https:\/\/eggster.eu\/wp-content\/uploads\/2022\/12\/ventouses-1000px.png","type":"image\/png"}],"twitter_card":"summary_large_image","schema":{"@context":"https:\/\/schema.org","@graph":[{"@type":"WebPage","@id":"https:\/\/eggster.eu\/de\/produit\/zucht-zubehoer\/ersatzteil\/10x-ersatzsaugnapfe\/","url":"https:\/\/eggster.eu\/de\/produit\/zucht-zubehoer\/ersatzteil\/10x-ersatzsaugnapfe\/","name":"Ersatzsaugn\u00e4pfe - Eggster. Breeding technology","isPartOf":{"@id":"https:\/\/eggster.eu\/de\/#website"},"primaryImageOfPage":{"@id":"https:\/\/eggster.eu\/de\/produit\/zucht-zubehoer\/ersatzteil\/10x-ersatzsaugnapfe\/#primaryimage"},"image":{"@id":"https:\/\/eggster.eu\/de\/produit\/zucht-zubehoer\/ersatzteil\/10x-ersatzsaugnapfe\/#primaryimage"},"thumbnailUrl":"https:\/\/eggster.eu\/wp-content\/uploads\/2022\/12\/ventouses-1000px.png","datePublished":"2022-12-21T07:56:44+00:00","description":"10er-Pack Ersatzsaugn\u00e4pfe, g\u00fcltig f\u00fcr alle Eggster-Produkte.","breadcrumb":{"@id":"https:\/\/eggster.eu\/de\/produit\/zucht-zubehoer\/ersatzteil\/10x-ersatzsaugnapfe\/#breadcrumb"},"inLanguage":"de","potentialAction":[{"@type":"ReadAction","target":["https:\/\/eggster.eu\/de\/produit\/zucht-zubehoer\/ersatzteil\/10x-ersatzsaugnapfe\/"]}]},{"@type":"ImageObject","inLanguage":"de","@id":"https:\/\/eggster.eu\/de\/produit\/zucht-zubehoer\/ersatzteil\/10x-ersatzsaugnapfe\/#primaryimage","url":"https:\/\/eggster.eu\/wp-content\/uploads\/2022\/12\/ventouses-1000px.png","contentUrl":"https:\/\/eggster.eu\/wp-content\/uploads\/2022\/12\/ventouses-1000px.png","width":1000,"height":1000},{"@type":"BreadcrumbList","@id":"https:\/\/eggster.eu\/de\/produit\/zucht-zubehoer\/ersatzteil\/10x-ersatzsaugnapfe\/#breadcrumb","itemListElement":[{"@type":"ListItem","position":1,"name":"Startseite","item":"https:\/\/eggster.eu\/de\/"},{"@type":"ListItem","position":2,"name":"Ersatzsaugn\u00e4pfe"}]},{"@type":"WebSite","@id":"https:\/\/eggster.eu\/de\/#website","url":"https:\/\/eggster.eu\/de\/","name":"Eggster. Breeding technology","description":"","potentialAction":[{"@type":"SearchAction","target":{"@type":"EntryPoint","urlTemplate":"https:\/\/eggster.eu\/de\/?s={search_term_string}"},"query-input":{"@type":"PropertyValueSpecification","valueRequired":true,"valueName":"search_term_string"}}],"inLanguage":"de"}]}},"_links":{"self":[{"href":"https:\/\/eggster.eu\/de\/wp-json\/wp\/v2\/product\/5612","targetHints":{"allow":["GET"]}}],"collection":[{"href":"https:\/\/eggster.eu\/de\/wp-json\/wp\/v2\/product"}],"about":[{"href":"https:\/\/eggster.eu\/de\/wp-json\/wp\/v2\/types\/product"}],"replies":[{"embeddable":true,"href":"https:\/\/eggster.eu\/de\/wp-json\/wp\/v2\/comments?post=5612"}],"wp:featuredmedia":[{"embeddable":true,"href":"https:\/\/eggster.eu\/de\/wp-json\/wp\/v2\/media\/5519"}],"wp:attachment":[{"href":"https:\/\/eggster.eu\/de\/wp-json\/wp\/v2\/media?parent=5612"}],"wp:term":[{"taxonomy":"product_brand","embeddable":true,"href":"https:\/\/eggster.eu\/de\/wp-json\/wp\/v2\/product_brand?post=5612"},{"taxonomy":"product_cat","embeddable":true,"href":"https:\/\/eggster.eu\/de\/wp-json\/wp\/v2\/product_cat?post=5612"},{"taxonomy":"product_tag","embeddable":true,"href":"https:\/\/eggster.eu\/de\/wp-json\/wp\/v2\/product_tag?post=5612"}],"curies":[{"name":"wp","href":"https:\/\/api.w.org\/{rel}","templated":true}]}}